{"id":860,"date":"2017-08-13T16:17:42","date_gmt":"2017-08-13T14:17:42","guid":{"rendered":"http:\/\/www.galax.sk\/shop-2\/?post_type=product&#038;p=860"},"modified":"2022-08-19T11:57:22","modified_gmt":"2022-08-19T09:57:22","slug":"p031-zakaz-vystupu-nepovolanym-osobam","status":"publish","type":"product","link":"http:\/\/www.galax.sk\/shop-2\/produkt\/p031-zakaz-vystupu-nepovolanym-osobam\/","title":{"rendered":"P031 &#8211; Z\u00e1kaz v\u00fdstupu nepovolan\u00fdm osob\u00e1m"},"content":{"rendered":"<p><span class=\"Apple-style-span\">Z\u00e1kazov\u00e9 symboly:<\/span><\/p>\n<p>&#8211; maj\u00fa okr\u00fahly tvar, \u010dierny grafick\u00fd symbol na bielom podklade, kruhov\u00fd a prie\u010dny p\u00e1s s\u00fa \u010derven\u00e9<\/p>\n<p>&#8211; vyr\u00e1baj\u00fa sa ako\u00a0<span class=\"Apple-style-span\">samolepky<\/span>\u00a0s priemermi o rozmere 50; 100; 200 mm<\/p>\n","protected":false},"excerpt":{"rendered":"<p>Z\u00e1kazov\u00e9 symboly: &#8211; maj\u00fa okr\u00fahly tvar, \u010dierny grafick\u00fd symbol na bielom podklade, kruhov\u00fd a prie\u010dny p\u00e1s s\u00fa \u010derven\u00e9 &#8211; vyr\u00e1baj\u00fa sa ako\u00a0samolepky\u00a0s priemermi o rozmere 50; 100; 200 mm<\/p>\n","protected":false},"featured_media":797,"comment_status":"open","ping_status":"closed","template":"","meta":[],"product_brand":[],"product_cat":[36],"product_tag":[],"class_list":{"0":"post-860","1":"product","2":"type-product","3":"status-publish","4":"has-post-thumbnail","6":"product_cat-zakazove-symboly","8":"first","9":"outofstock","10":"taxable","11":"shipping-taxable","12":"purchasable","13":"product-type-variable"},"_links":{"self":[{"href":"http:\/\/www.galax.sk\/shop-2\/wp-json\/wp\/v2\/product\/860","targetHints":{"allow":["GET"]}}],"collection":[{"href":"http:\/\/www.galax.sk\/shop-2\/wp-json\/wp\/v2\/product"}],"about":[{"href":"http:\/\/www.galax.sk\/shop-2\/wp-json\/wp\/v2\/types\/product"}],"replies":[{"embeddable":true,"href":"http:\/\/www.galax.sk\/shop-2\/wp-json\/wp\/v2\/comments?post=860"}],"wp:featuredmedia":[{"embeddable":true,"href":"http:\/\/www.galax.sk\/shop-2\/wp-json\/wp\/v2\/media\/797"}],"wp:attachment":[{"href":"http:\/\/www.galax.sk\/shop-2\/wp-json\/wp\/v2\/media?parent=860"}],"wp:term":[{"taxonomy":"product_brand","embeddable":true,"href":"http:\/\/www.galax.sk\/shop-2\/wp-json\/wp\/v2\/product_brand?post=860"},{"taxonomy":"product_cat","embeddable":true,"href":"http:\/\/www.galax.sk\/shop-2\/wp-json\/wp\/v2\/product_cat?post=860"},{"taxonomy":"product_tag","embeddable":true,"href":"http:\/\/www.galax.sk\/shop-2\/wp-json\/wp\/v2\/product_tag?post=860"}],"curies":[{"name":"wp","href":"https:\/\/api.w.org\/{rel}","templated":true}]}}