{"id":864,"date":"2017-08-13T16:22:20","date_gmt":"2017-08-13T14:22:20","guid":{"rendered":"http:\/\/www.galax.sk\/shop-2\/?post_type=product&#038;p=864"},"modified":"2017-08-13T16:23:09","modified_gmt":"2017-08-13T14:23:09","slug":"p032-zakaz-vstupu-za-pohyblive-rameno","status":"publish","type":"product","link":"http:\/\/www.galax.sk\/shop-2\/produkt\/p032-zakaz-vstupu-za-pohyblive-rameno\/","title":{"rendered":"P032 &#8211; Z\u00e1kaz vstupu za pohybliv\u00e9 rameno"},"content":{"rendered":"<p><span class=\"Apple-style-span\">Z\u00e1kazov\u00e9 symboly:<\/span><\/p>\n<p>&#8211; maj\u00fa okr\u00fahly tvar, \u010dierny grafick\u00fd symbol na bielom podklade, kruhov\u00fd a prie\u010dny p\u00e1s s\u00fa \u010derven\u00e9<\/p>\n<p>&#8211; vyr\u00e1baj\u00fa sa ako\u00a0<span class=\"Apple-style-span\">samolepky<\/span>\u00a0s priemermi o rozmere 50; 100; 200 mm<\/p>\n","protected":false},"excerpt":{"rendered":"<p>Z\u00e1kazov\u00e9 symboly: &#8211; maj\u00fa okr\u00fahly tvar, \u010dierny grafick\u00fd symbol na bielom podklade, kruhov\u00fd a prie\u010dny p\u00e1s s\u00fa \u010derven\u00e9 &#8211; vyr\u00e1baj\u00fa sa ako\u00a0samolepky\u00a0s priemermi o rozmere 50; 100; 200 mm<\/p>\n","protected":false},"featured_media":798,"comment_status":"open","ping_status":"closed","template":"","meta":[],"product_brand":[],"product_cat":[36],"product_tag":[],"class_list":{"0":"post-864","1":"product","2":"type-product","3":"status-publish","4":"has-post-thumbnail","6":"product_cat-zakazove-symboly","8":"first","9":"instock","10":"taxable","11":"shipping-taxable","12":"purchasable","13":"product-type-variable"},"_links":{"self":[{"href":"http:\/\/www.galax.sk\/shop-2\/wp-json\/wp\/v2\/product\/864","targetHints":{"allow":["GET"]}}],"collection":[{"href":"http:\/\/www.galax.sk\/shop-2\/wp-json\/wp\/v2\/product"}],"about":[{"href":"http:\/\/www.galax.sk\/shop-2\/wp-json\/wp\/v2\/types\/product"}],"replies":[{"embeddable":true,"href":"http:\/\/www.galax.sk\/shop-2\/wp-json\/wp\/v2\/comments?post=864"}],"wp:featuredmedia":[{"embeddable":true,"href":"http:\/\/www.galax.sk\/shop-2\/wp-json\/wp\/v2\/media\/798"}],"wp:attachment":[{"href":"http:\/\/www.galax.sk\/shop-2\/wp-json\/wp\/v2\/media?parent=864"}],"wp:term":[{"taxonomy":"product_brand","embeddable":true,"href":"http:\/\/www.galax.sk\/shop-2\/wp-json\/wp\/v2\/product_brand?post=864"},{"taxonomy":"product_cat","embeddable":true,"href":"http:\/\/www.galax.sk\/shop-2\/wp-json\/wp\/v2\/product_cat?post=864"},{"taxonomy":"product_tag","embeddable":true,"href":"http:\/\/www.galax.sk\/shop-2\/wp-json\/wp\/v2\/product_tag?post=864"}],"curies":[{"name":"wp","href":"https:\/\/api.w.org\/{rel}","templated":true}]}}