{"id":992,"date":"2017-08-14T23:16:26","date_gmt":"2017-08-14T21:16:26","guid":{"rendered":"http:\/\/www.galax.sk\/shop-2\/?post_type=product&#038;p=992"},"modified":"2017-08-14T23:17:31","modified_gmt":"2017-08-14T21:17:31","slug":"w014-nebezpecenstvo-zakopnutia","status":"publish","type":"product","link":"http:\/\/www.galax.sk\/shop-2\/produkt\/w014-nebezpecenstvo-zakopnutia\/","title":{"rendered":"W014 &#8211; Nebezpe\u010denstvo zakopnutia"},"content":{"rendered":"<p><span class=\"Apple-style-span\">V\u00fdstra\u017en\u00e9 symboly:<\/span><\/p>\n<p>&#8211; maj\u00fa tvar rovnoramenn\u00e9ho trojuholn\u00edka, \u010dierny grafick\u00fd symbol na \u017eltom podklade s \u010diernym p\u00e1som<br \/>\n&#8211; vyr\u00e1baj\u00fa sa ako\u00a0<span class=\"Apple-style-span\">samolepky<\/span>\u00a0s d\u013a\u017ekou strany o rozmere 50; 100; 200 mm<\/p>\n","protected":false},"excerpt":{"rendered":"<p>V\u00fdstra\u017en\u00e9 symboly: &#8211; maj\u00fa tvar rovnoramenn\u00e9ho trojuholn\u00edka, \u010dierny grafick\u00fd symbol na \u017eltom podklade s \u010diernym p\u00e1som &#8211; vyr\u00e1baj\u00fa sa ako\u00a0samolepky\u00a0s d\u013a\u017ekou strany o rozmere 50; 100; 200 mm<\/p>\n","protected":false},"featured_media":898,"comment_status":"open","ping_status":"closed","template":"","meta":[],"product_brand":[],"product_cat":[37],"product_tag":[],"class_list":{"0":"post-992","1":"product","2":"type-product","3":"status-publish","4":"has-post-thumbnail","6":"product_cat-vystrazne-symboly","8":"first","9":"instock","10":"taxable","11":"shipping-taxable","12":"purchasable","13":"product-type-variable"},"_links":{"self":[{"href":"http:\/\/www.galax.sk\/shop-2\/wp-json\/wp\/v2\/product\/992","targetHints":{"allow":["GET"]}}],"collection":[{"href":"http:\/\/www.galax.sk\/shop-2\/wp-json\/wp\/v2\/product"}],"about":[{"href":"http:\/\/www.galax.sk\/shop-2\/wp-json\/wp\/v2\/types\/product"}],"replies":[{"embeddable":true,"href":"http:\/\/www.galax.sk\/shop-2\/wp-json\/wp\/v2\/comments?post=992"}],"wp:featuredmedia":[{"embeddable":true,"href":"http:\/\/www.galax.sk\/shop-2\/wp-json\/wp\/v2\/media\/898"}],"wp:attachment":[{"href":"http:\/\/www.galax.sk\/shop-2\/wp-json\/wp\/v2\/media?parent=992"}],"wp:term":[{"taxonomy":"product_brand","embeddable":true,"href":"http:\/\/www.galax.sk\/shop-2\/wp-json\/wp\/v2\/product_brand?post=992"},{"taxonomy":"product_cat","embeddable":true,"href":"http:\/\/www.galax.sk\/shop-2\/wp-json\/wp\/v2\/product_cat?post=992"},{"taxonomy":"product_tag","embeddable":true,"href":"http:\/\/www.galax.sk\/shop-2\/wp-json\/wp\/v2\/product_tag?post=992"}],"curies":[{"name":"wp","href":"https:\/\/api.w.org\/{rel}","templated":true}]}}