{"id":696,"date":"2017-02-11T13:24:58","date_gmt":"2017-02-11T11:24:58","guid":{"rendered":"http:\/\/www.galax.sk\/shop-1\/produkt\/hp-ce278a-kompatibilny-toner\/"},"modified":"2017-02-11T16:02:49","modified_gmt":"2017-02-11T14:02:49","slug":"hp-ce278a-kompatibilny-toner","status":"publish","type":"product","link":"https:\/\/www.galax.sk\/shop-1\/produkt\/hp-ce278a-kompatibilny-toner\/","title":{"rendered":"HP CE278A- kompatibiln\u00fd toner"},"content":{"rendered":"<p><strong>Cena origin\u00e1lu:<\/strong>\u00a077,- Eur<\/p>\n<p><span style=\"color: #ff0000;\"><strong>K\u00fapou na\u0161ej alternat\u00edvy u\u0161etr\u00edte: 80 %<\/strong><\/span>\u00a0(62,- Eur)<\/p>\n<p><strong>Alternat\u00edva zna\u010dky:\u00a0<\/strong>Hewlett Packard<\/p>\n<p><strong>Kvalita: <\/strong>Nov\u00e1 kompatibiln\u00e1 tonerov\u00e1 kazeta<\/p>\n<p><strong>Kapacita:<\/strong> 2.000 str\u00e1n (pri 5% pokryt\u00ed str\u00e1nky)*<\/p>\n<p>&nbsp;<\/p>\n<p><strong>Farba:<\/strong>\u00a0\u010cierna (black)<\/p>\n<p>&nbsp;<\/p>\n<p><strong>V\u00fdrobca:<\/strong>\u00a0Alternat\u00edvny<\/p>\n<p><strong>Z\u00e1ruka:<\/strong>\u00a024 mesiacov<\/p>\n<p>&nbsp;<\/p>\n<p><span style=\"color: #ff0000;\"><strong>Doprava:<\/strong>\u00a0<strong>ZDARMA\u00a0pri objedn\u00e1vke nad 49,- Eur<\/strong><\/span>\u00a0(k\u00fapte 4 kusy a dopravu m\u00e1te zdarma)<\/p>\n<p><strong>Pre tla\u010diare\u0148:\u00a0<\/strong>HP LASERJET M1005 MFP, HP LASERJET M1005MFP, HP LASERJET 1020, HP LASERJET 1022, HP LASERJET M1319MFP, HP LASERJET 3015, HP LASERJET 3020, HP LASERJET 3030, HP LASERJET 3050, HP LASERJET 3052, HP LASERJET 3055, HP LASERJET 1010, HP LASERJET 1018, HP LASERJET 1015<\/p>\n<p>&nbsp;<\/p>\n<p>\u2022 vysok\u00e1 kvalita a st\u00e1los\u0165 tla\u010de ako pri origin\u00e1lnom toneri<\/p>\n<p>\u2022 v\u0161etky tonery su s in\u0161talovan\u00fdm nov\u00fdm \u010dipom a optick\u00fdm v\u00e1lcom<\/p>\n<p>&nbsp;<\/p>\n<p>*) Kapacita je stanoven\u00e1 pod\u013ea medzin\u00e1rodnej normy ISO\/ICE 19752<\/p>\n<p>&nbsp;<\/p>\n<p>Laserov\u00fd toner od alternat\u00edvneho v\u00fdrobcu.\u00a0Tonery s\u00fa vyr\u00e1ban\u00e9 ekologicky, s \u010do najni\u017e\u0161\u00edm za\u0165a\u017een\u00edm \u017eivotn\u00e9ho prostredia.\u00a0Ka\u017ed\u00fd\u00a0toner je navrhnut\u00fd so 100% zhodnos\u0165ou s\u00a0tonermi od v\u00fdrobcou tla\u010diarn\u00ed. V\u0161etky\u00a0tonery s\u00fa dopredu otestovan\u00e9, preveren\u00e9 na dosiahnutie po\u017eadovanej kvality tla\u010de s 24-mesa\u010dnou z\u00e1rukou.\u00a0V\u0161etky tonerov\u00e9 kazety sp\u013a\u0148aj\u00fa uzn\u00e1van\u00fd certifik\u00e1t STMC, ktor\u00fd testuje kvalitu tonerov\u00fdch kaziet. V\u010faka tomu je dosiahnut\u00e1 \u0161pi\u010dkov\u00e1 kvalita tla\u010de ako u origin\u00e1lneho toneru. V\u00fdrobca je\u00a0dr\u017eite\u013eom certifik\u00e1tov ISO 9001 (Quality Management System) a ISO 14001 (Enviromental Management System).<\/p>\n<p>&nbsp;<\/p>\n<p><span style=\"color: #ff0000;\"><strong>Potrebujete in\u00fd toner?<\/strong><\/span><\/p>\n<p><span style=\"color: #ff0000;\"><strong>Skladom m\u00e1me viac ako 5.000 modelov za velmi dobr\u00e9 ceny.\u00a0<\/strong><strong>Kontaktujte n\u00e1s!<\/strong><\/span><\/p>\n<p><span style=\"color: #ff0000;\"><strong>telefonicky:<\/strong>\u00a0<strong>0905 308 358,\u00a0<\/strong><strong>e-mailom:<\/strong>\u00a0<strong>eshop@galax.sk<\/strong><\/span><\/p>\n","protected":false},"excerpt":{"rendered":"<p>Laserov\u00fd toner od alternat\u00edvneho v\u00fdrobcu.\u00a0Tonery s\u00fa vyr\u00e1ban\u00e9 ekologicky, s \u010do najni\u017e\u0161\u00edm za\u0165a\u017een\u00edm \u017eivotn\u00e9ho prostredia.\u00a0Ka\u017ed\u00fd\u00a0toner je navrhnut\u00fd so 100% zhodnos\u0165ou s\u00a0tonermi od v\u00fdrobcou tla\u010diarn\u00ed. V\u0161etky\u00a0tonery s\u00fa dopredu otestovan\u00e9, preveren\u00e9 na dosiahnutie po\u017eadovanej kvality tla\u010de s 24-mesa\u010dnou z\u00e1rukou.\u00a0V\u0161etky tonerov\u00e9 kazety sp\u013a\u0148aj\u00fa uzn\u00e1van\u00fd certifik\u00e1t STMC, ktor\u00fd testuje kvalitu tonerov\u00fdch kaziet. V\u010faka tomu je dosiahnut\u00e1 \u0161pi\u010dkov\u00e1 kvalita tla\u010de ako u origin\u00e1lneho toneru. V\u00fdrobca je\u00a0dr\u017eite\u013eom certifik\u00e1tov ISO 9001 (Quality Management System) a ISO 14001 (Enviromental Management System).<\/p>\n<p>&nbsp;<\/p>\n","protected":false},"featured_media":705,"comment_status":"closed","ping_status":"closed","template":"","meta":[],"product_brand":[],"product_cat":[24],"product_tag":[],"class_list":{"0":"post-696","1":"product","2":"type-product","3":"status-publish","4":"has-post-thumbnail","6":"product_cat-tonery","8":"first","9":"instock","10":"sale","11":"taxable","12":"shipping-taxable","13":"purchasable","14":"product-type-simple"},"_links":{"self":[{"href":"https:\/\/www.galax.sk\/shop-1\/wp-json\/wp\/v2\/product\/696","targetHints":{"allow":["GET"]}}],"collection":[{"href":"https:\/\/www.galax.sk\/shop-1\/wp-json\/wp\/v2\/product"}],"about":[{"href":"https:\/\/www.galax.sk\/shop-1\/wp-json\/wp\/v2\/types\/product"}],"replies":[{"embeddable":true,"href":"https:\/\/www.galax.sk\/shop-1\/wp-json\/wp\/v2\/comments?post=696"}],"wp:featuredmedia":[{"embeddable":true,"href":"https:\/\/www.galax.sk\/shop-1\/wp-json\/wp\/v2\/media\/705"}],"wp:attachment":[{"href":"https:\/\/www.galax.sk\/shop-1\/wp-json\/wp\/v2\/media?parent=696"}],"wp:term":[{"taxonomy":"product_brand","embeddable":true,"href":"https:\/\/www.galax.sk\/shop-1\/wp-json\/wp\/v2\/product_brand?post=696"},{"taxonomy":"product_cat","embeddable":true,"href":"https:\/\/www.galax.sk\/shop-1\/wp-json\/wp\/v2\/product_cat?post=696"},{"taxonomy":"product_tag","embeddable":true,"href":"https:\/\/www.galax.sk\/shop-1\/wp-json\/wp\/v2\/product_tag?post=696"}],"curies":[{"name":"wp","href":"https:\/\/api.w.org\/{rel}","templated":true}]}}